{"id":1563,"date":"2022-09-14T06:50:49","date_gmt":"2022-09-14T06:50:49","guid":{"rendered":"https:\/\/skyre.mx\/?page_id=1563"},"modified":"2022-10-04T21:20:35","modified_gmt":"2022-10-04T21:20:35","slug":"terminos-y-condiciones","status":"publish","type":"page","link":"https:\/\/skyre.mx\/index.php\/terminos-y-condiciones\/","title":{"rendered":"T\u00e9rminos y condiciones"},"content":{"rendered":"\t\t<div data-elementor-type=\"wp-page\" data-elementor-id=\"1563\" class=\"elementor elementor-1563\">\n\t\t\t\t\t\t<section class=\"elementor-section elementor-top-section elementor-element elementor-element-3917e5d5 elementor-section-boxed elementor-section-height-default elementor-section-height-default\" data-id=\"3917e5d5\" data-element_type=\"section\">\n\t\t\t\t\t\t<div class=\"elementor-container elementor-column-gap-default\">\n\t\t\t\t\t<div class=\"elementor-column elementor-col-100 elementor-top-column elementor-element elementor-element-2f1bc9d6\" data-id=\"2f1bc9d6\" data-element_type=\"column\">\n\t\t\t<div class=\"elementor-widget-wrap elementor-element-populated\">\n\t\t\t\t\t\t<div class=\"elementor-element elementor-element-21b94ea0 elementor-widget elementor-widget-text-editor\" data-id=\"21b94ea0\" data-element_type=\"widget\" data-widget_type=\"text-editor.default\">\n\t\t\t\t<div class=\"elementor-widget-container\">\n\t\t\t<style>\/*! elementor - v3.21.0 - 30-04-2024 *\/\n.elementor-widget-text-editor.elementor-drop-cap-view-stacked .elementor-drop-cap{background-color:#69727d;color:#fff}.elementor-widget-text-editor.elementor-drop-cap-view-framed .elementor-drop-cap{color:#69727d;border:3px solid;background-color:transparent}.elementor-widget-text-editor:not(.elementor-drop-cap-view-default) .elementor-drop-cap{margin-top:8px}.elementor-widget-text-editor:not(.elementor-drop-cap-view-default) .elementor-drop-cap-letter{width:1em;height:1em}.elementor-widget-text-editor .elementor-drop-cap{float:left;text-align:center;line-height:1;font-size:50px}.elementor-widget-text-editor .elementor-drop-cap-letter{display:inline-block}<\/style>\t\t\t\t<p>Estos T\u00e9rminos y Condiciones regulan el uso por parte del usuario del sitio web de Sky Re Intermediario de Reaseguro S.A.P.I. de C.V. (\u201cUsuario\u201d o \u201cT\u00fa\u201d) en https:\/\/skyre.mx\/ (\u00abSitio Web de Sky Re Intermediario de Reaseguro S.A.P.I. de C.V.\u00bb). Por favor, rev\u00edsalas cuidadosamente ya que impactan tus derechos y responsabilidades bajo la ley. \u00a0Si no est\u00e1s conforme con estos T\u00e9rminos y Condiciones, por favor no hagas uso del Sitio Web de Sky Re Intermediario de Reaseguro S.A.P.I. de C.V., de continuar usando el Sitio Web de Sky Re Intermediario de Reaseguro S.A.P.I. de C.V., se entender\u00e1 tu conformidad con los presentes T\u00e9rminos y Condiciones y tu uso estar\u00e1 sujeto a los mismos.\u00a0\u00a0Si tienes alguna duda respecto a los T\u00e9rminos y Condiciones, por favor escribe un correo electr\u00f3nico a <a href=\"mailto:contacto@skyre.mx\">contacto@skyre.mx<\/a><\/p>\t\t\t\t\t\t<\/div>\n\t\t\t\t<\/div>\n\t\t\t\t<div class=\"elementor-element elementor-element-f8e0a5c elementor-widget elementor-widget-heading\" data-id=\"f8e0a5c\" data-element_type=\"widget\" data-widget_type=\"heading.default\">\n\t\t\t\t<div class=\"elementor-widget-container\">\n\t\t\t<style>\/*! elementor - v3.21.0 - 30-04-2024 *\/\n.elementor-heading-title{padding:0;margin:0;line-height:1}.elementor-widget-heading .elementor-heading-title[class*=elementor-size-]>a{color:inherit;font-size:inherit;line-height:inherit}.elementor-widget-heading .elementor-heading-title.elementor-size-small{font-size:15px}.elementor-widget-heading .elementor-heading-title.elementor-size-medium{font-size:19px}.elementor-widget-heading .elementor-heading-title.elementor-size-large{font-size:29px}.elementor-widget-heading .elementor-heading-title.elementor-size-xl{font-size:39px}.elementor-widget-heading .elementor-heading-title.elementor-size-xxl{font-size:59px}<\/style><h2 class=\"elementor-heading-title elementor-size-default\">Uso del Sitio Web de Sky Re Intermediario de Reaseguro S.A.P.I. de C.V.<\/h2>\t\t<\/div>\n\t\t\t\t<\/div>\n\t\t\t\t<div class=\"elementor-element elementor-element-379edc3 elementor-widget elementor-widget-text-editor\" data-id=\"379edc3\" data-element_type=\"widget\" data-widget_type=\"text-editor.default\">\n\t\t\t\t<div class=\"elementor-widget-container\">\n\t\t\t\t\t\t\t<p>Operamos el Sitio Web de Sky Re Intermediario de Reaseguro S.A.P.I. de C.V. con la finalidad de que Tu conozcas nuestros servicios y entres en contacto con nosotros.\u00a0<\/p><p>El Sitio Web de Sky Re Intermediario de Reaseguro S.A.P.I. de C.V. est\u00e1 dise\u00f1ado para Tu uso personal bajo estos T\u00e9rminos y Condiciones. \u00a0Al ingresar o utilizar el Sitio Web de Sky Re Intermediario de Reaseguro S.A.P.I. de C.V., aceptas actuar bajo estos T\u00e9rminos y Condiciones.<\/p><p>Si no te es posible ingresar a total o parcialmente a nuestro sitio web, por favor env\u00eda un correo electr\u00f3nico\u00a0a\u00a0<a href=\"mailto:contacto@skyre.mx\">contacto@skyre.mx<\/a>\u00a0y en breve te proporcionaremos soporte t\u00e9cnico.<\/p>\t\t\t\t\t\t<\/div>\n\t\t\t\t<\/div>\n\t\t\t\t<div class=\"elementor-element elementor-element-bb8baa1 elementor-widget elementor-widget-heading\" data-id=\"bb8baa1\" data-element_type=\"widget\" data-widget_type=\"heading.default\">\n\t\t\t\t<div class=\"elementor-widget-container\">\n\t\t\t<h2 class=\"elementor-heading-title elementor-size-default\">Revisiones<\/h2>\t\t<\/div>\n\t\t\t\t<\/div>\n\t\t\t\t<div class=\"elementor-element elementor-element-cb977a6 elementor-widget elementor-widget-text-editor\" data-id=\"cb977a6\" data-element_type=\"widget\" data-widget_type=\"text-editor.default\">\n\t\t\t\t<div class=\"elementor-widget-container\">\n\t\t\t\t\t\t\t<p>Podemos hacer actualizaciones a estos T\u00e9rminos y Condiciones cuantas veces sea necesario por cuestiones legales o reglamentarias o para permitir el \u00f3ptimo funcionamiento del Sitio Web de Sky Re Intermediario de Reaseguro S.A.P.I. de C.V., los cuales podr\u00e1n realizarse sin previo aviso. Es responsabilidad del Usuario del Sitio Web de Sky Re Intermediario de Reaseguro S.A.P.I. de C.V. verificar cambios a los presentes T\u00e9rminos y Condiciones y la omisi\u00f3n por parte del Usuario no presentar\u00e1 responsabilidad alguna para Sky Re Intermediario de Reaseguro S.A.P.I. de C.V..\u00a0En caso de no estar de acuerdo con estos\u00a0nuevos T\u00e9rminos y Condiciones, T\u00fa deber\u00e1s suspender el uso del Sitio Web de Sky Re Intermediario de Reaseguro S.A.P.I. de C.V..\u00a0Si despu\u00e9s de la fecha en que los cambios entren en vigor sigues utilizando el Sitio Web de Sky Re Intermediario de Reaseguro S.A.P.I. de C.V., se entender\u00e1 otorgada Tu conformidad y obligaci\u00f3n a estos nuevos T\u00e9rminos y Condiciones.<\/p>\t\t\t\t\t\t<\/div>\n\t\t\t\t<\/div>\n\t\t\t\t<div class=\"elementor-element elementor-element-019c144 elementor-widget elementor-widget-heading\" data-id=\"019c144\" data-element_type=\"widget\" data-widget_type=\"heading.default\">\n\t\t\t\t<div class=\"elementor-widget-container\">\n\t\t\t<h2 class=\"elementor-heading-title elementor-size-default\">Uso personal del Sitio Web de Sky Re Intermediario de Reaseguro S.A.P.I. de C.V. <\/h2>\t\t<\/div>\n\t\t\t\t<\/div>\n\t\t\t\t<div class=\"elementor-element elementor-element-cb14904 elementor-widget elementor-widget-text-editor\" data-id=\"cb14904\" data-element_type=\"widget\" data-widget_type=\"text-editor.default\">\n\t\t\t\t<div class=\"elementor-widget-container\">\n\t\t\t\t\t\t\t<p>Enunciativa, m\u00e1s no limitativamente, el Usuario acuerda no usar el Sitio Web de Sky Re Intermediario de Reaseguro S.A.P.I. de C.V. para transmitir, distribuir, publicar, comunicar o almacenar informaci\u00f3n o cualquier otro tipo de material a trav\u00e9s del Sitio Web de Sky Re Intermediario de Reaseguro S.A.P.I. de C.V. \u00a0que tenga como fin uno o m\u00e1s de uno de los prop\u00f3sitos mencionados a continuaci\u00f3n:<\/p><p>Enunciativa, m\u00e1s no limitativamente, el Usuario acuerda no usar el Sitio Web de Sky Re Intermediario de Reaseguro S.A.P.I. de C.V. para transmitir, distribuir, publicar, comunicar o almacenar informaci\u00f3n o cualquier otro tipo de material a trav\u00e9s del Sitio Web de Sky Re Intermediario de Reaseguro S.A.P.I. de C.V. \u00a0que tenga como fin uno o m\u00e1s de uno de los prop\u00f3sitos mencionados a continuaci\u00f3n:<\/p>\t\t\t\t\t\t<\/div>\n\t\t\t\t<\/div>\n\t\t\t\t<div class=\"elementor-element elementor-element-8e24629 elementor-widget elementor-widget-text-editor\" data-id=\"8e24629\" data-element_type=\"widget\" data-widget_type=\"text-editor.default\">\n\t\t\t\t<div class=\"elementor-widget-container\">\n\t\t\t\t\t\t\t<ul><li>Difundir cualquier material ilegal, acosador, difamatorio, abusivo, amenazante, da\u00f1ino, vulgar, obsceno, con motivos de odio, vergonzoso o detrimentales a cualquier otra persona f\u00edsica o moral que da\u00f1e de cualquier forma a personas o grupos con base en su raza, etnicidad, nacionalidad, religi\u00f3n, preferencia sexual, orientaci\u00f3n sexual, identidad sexual, g\u00e9nero, sexo, discapacidadl, situaci\u00f3n socioecon\u00f3mica, salud, el estado civil o cualquier otra que atente contra la dignidad humana o que de alguna otra manera infrinja con la ley;<\/li><li>Emitir material que aliente conductas que constituyan \u00a0alguna ofensa criminal, que den lugar a cualquier tipo de responsabilidad civil o que violen cualquier ley, reglamento o c\u00f3digo de pr\u00e1cticas aplicables;<\/li><li>Interferir con el uso parcial o total del Sitio Web de Sky Re Intermediario de Reaseguro S.A.P.I. de C.V. a cualquier otra persona;\u00a0<\/li><li>Crear, transmitir, o almacenar copias electr\u00f3nicas de materiales protegidos por derechos de autor sin el permiso del propietario.<\/li><li>Realizar declaraciones falsas o tergiversaciones que pudieran da\u00f1ar al usuario, a Sky Re Intermediario de Reaseguro S.A.P.I. de C.V. o cualquier tercera persona, f\u00edsica o moral.<\/li><li>Realizar publicidad u ofrecer servicios de negocios, encuestas, concursos, cadenas de correos o esquemas piramidales.<\/li><li>Realizar publicaciones, cargas o descargas, o cualquier otro acto a trav\u00e9s del SITIO WEB DE Sky Re Intermediario de Reaseguro S.A.P.I. de C.V. que contenga virus, caballos troyanos, bombas de tiempo o cualquier otro programa, software o mecanismo que tenga como intenci\u00f3n da\u00f1ar, interferir perjudicialmente, interceptar subrepticiamente o expropiar cualquier sistema, datos o informaci\u00f3n.<\/li><li>Realizar cualquier acto que restrinja a cualquier persona, f\u00edsica o moral, de utilizar los servicios del Sitio Web de Sky Re Intermediario de Reaseguro S.A.P.I. de C.V.; o a criterio \u00fanicamente de Sky Re Intermediario de Reaseguro S.A.P.I. de C.V., exponga a Sky Re Intermediario de Reaseguro S.A.P.I. de C.V., sus usuarios o cualquier otra tercera persona a cualquier da\u00f1o, responsabilidad, penalizaci\u00f3n o perjuicio de cualquier tipo.<\/li><\/ul>\t\t\t\t\t\t<\/div>\n\t\t\t\t<\/div>\n\t\t\t\t<div class=\"elementor-element elementor-element-442b76f elementor-widget elementor-widget-text-editor\" data-id=\"442b76f\" data-element_type=\"widget\" data-widget_type=\"text-editor.default\">\n\t\t\t\t<div class=\"elementor-widget-container\">\n\t\t\t\t\t\t\t<p>El Usuario ser\u00e1 responsable de nuestras p\u00e9rdidas y costos, resultado de la violaci\u00f3n o incumplimiento de esta secci\u00f3n.Al enviar informaci\u00f3n a trav\u00e9s del Sitio Web de Sky Re Intermediario de Reaseguro S.A.P.I. de C.V., T\u00fa aceptas y reconoces que, si bien podemos comunicarnos contigo en respuesta a dicha informaci\u00f3n, no estamos obligados a proporcionar cualquier producto o servicio en particular.<\/p>\t\t\t\t\t\t<\/div>\n\t\t\t\t<\/div>\n\t\t\t\t<div class=\"elementor-element elementor-element-d6864ca elementor-widget elementor-widget-heading\" data-id=\"d6864ca\" data-element_type=\"widget\" data-widget_type=\"heading.default\">\n\t\t\t\t<div class=\"elementor-widget-container\">\n\t\t\t<h2 class=\"elementor-heading-title elementor-size-default\">Registro<\/h2>\t\t<\/div>\n\t\t\t\t<\/div>\n\t\t\t\t<div class=\"elementor-element elementor-element-4de5579 elementor-widget elementor-widget-text-editor\" data-id=\"4de5579\" data-element_type=\"widget\" data-widget_type=\"text-editor.default\">\n\t\t\t\t<div class=\"elementor-widget-container\">\n\t\t\t\t\t\t\t<p>Si T\u00fa te registras en el Sitio Web de Sky Re Intermediario de Reaseguro S.A.P.I. de C.V., deber\u00e1s asegurarte de que en todo momento, los datos que has proporcionado en tu registro, son correctos y est\u00e1n completos.<\/p><p>Si llegase a existir cualquier cambio en la informaci\u00f3n que nos proporcionaste durante Tu registro, deber\u00e1s informarnos inmediatamente, actualizando Tus datos personales para que podamos comunicarnos contigo de manera exitosa.<\/p><p>Al registrarte para usar el Sitio Web de Sky Re Intermediario de Reaseguro S.A.P.I. de C.V., el Usuario deber\u00e1 crear una contrase\u00f1a. Con el objetivo de prevenir alg\u00fan fraude, t\u00fa deber\u00e1s mantener esta contrase\u00f1a confidencial y no deber\u00e1s compartirla con nadie. Si T\u00fa sabes o sospechas de alguien m\u00e1s que conoce tu contrase\u00f1a y pudiera hacer mal uso de ella, deber\u00e1s escribir un correo a <a href=\"mailto:contacto@skyre.mx\">contacto@skyre.mx<\/a>\u00a0inmediatamente.<\/p>\t\t\t\t\t\t<\/div>\n\t\t\t\t<\/div>\n\t\t\t\t<div class=\"elementor-element elementor-element-c5ada68 elementor-widget elementor-widget-heading\" data-id=\"c5ada68\" data-element_type=\"widget\" data-widget_type=\"heading.default\">\n\t\t\t\t<div class=\"elementor-widget-container\">\n\t\t\t<h2 class=\"elementor-heading-title elementor-size-default\">Descargo de responsabilidad<\/h2>\t\t<\/div>\n\t\t\t\t<\/div>\n\t\t\t\t<div class=\"elementor-element elementor-element-8b8c6c3 elementor-widget elementor-widget-text-editor\" data-id=\"8b8c6c3\" data-element_type=\"widget\" data-widget_type=\"text-editor.default\">\n\t\t\t\t<div class=\"elementor-widget-container\">\n\t\t\t\t\t\t\t<p>Mientras que Sky Re Intermediario de Reaseguro S.A.P.I. de C.V. pone cuidado en la recopilaci\u00f3n y presentaci\u00f3n del contenido que se encuentra dentro del Sitio Web de Sky Re Intermediario de Reaseguro S.A.P.I. de C.V., \u00e9ste est\u00e1 destinado exclusivamente con fines informativos por lo que si desea mayor orientaci\u00f3n, deber\u00e1 buscar y hacer investigaciones independientes antes de confiar totalmente en ella.\u00a0Si Sky Re Intermediario de Reaseguro S.A.P.I. de C.V. es informada de cualquier inexactitud en el material del Sitio Web de Sky Re Intermediario de Reaseguro S.A.P.I. de C.V. trataremos de corregir las inexactitudes tan pronto como nos sea posible.<\/p><p>\u00a0<\/p><p>Si incumplimos alguno de estos T\u00e9rminos y Condiciones, s\u00f3lo seremos responsables por cualquier p\u00e9rdida que el Usuario sufra en la medida en que sean consecuencia previsible de ambas Partes.\u00a0En ning\u00fan caso, nuestra responsabilidad deber\u00e1 incluir p\u00e9rdidas de negocio tales como la p\u00e9rdida de datos, p\u00e9rdida de ganancias o interrupci\u00f3n del negocio.<\/p><p>\u00a0<\/p><p>Estos T\u00e9rminos y Condiciones no podr\u00e1n limitar o afectar nuestra responsabilidad si algo que hacemos causa, por negligencia, la muerte o lesiones personales.<\/p>\t\t\t\t\t\t<\/div>\n\t\t\t\t<\/div>\n\t\t\t\t<div class=\"elementor-element elementor-element-4b20960 elementor-widget elementor-widget-heading\" data-id=\"4b20960\" data-element_type=\"widget\" data-widget_type=\"heading.default\">\n\t\t\t\t<div class=\"elementor-widget-container\">\n\t\t\t<h2 class=\"elementor-heading-title elementor-size-default\">Disponibilidad del Sitio Web de Sky Re Intermediario de Reaseguro S.A.P.I. de C.V. <\/h2>\t\t<\/div>\n\t\t\t\t<\/div>\n\t\t\t\t<div class=\"elementor-element elementor-element-62869e0 elementor-widget elementor-widget-text-editor\" data-id=\"62869e0\" data-element_type=\"widget\" data-widget_type=\"text-editor.default\">\n\t\t\t\t<div class=\"elementor-widget-container\">\n\t\t\t\t\t\t\t<p>Sky Re Intermediario de Reaseguro S.A.P.I. de C.V. no garantiza que el Sitio Web de Sky Re Intermediario de Reaseguro S.A.P.I. de C.V. estar\u00e1 libre de errores. Si se produce un fallo en el servicio al utilizar el Sitio Web de Sky Re Intermediario de Reaseguro S.A.P.I. de C.V. debes reportarlo a <a href=\"mailto:contacto@skyre.mx\">contacto@skyre.mx<\/a>\u00a0y trataremos de corregir el fallo tan pronto como nos sea razonablemente posible.\u00a0Si Sky Re Intermediario de Reaseguro S.A.P.I. de C.V. es informada de cualquier inexactitud en el material del Sitio Web de Sky Re Intermediario de Reaseguro S.A.P.I. de C.V. trataremos de corregir las mismas tan pronto como nos sea razonablemente posible.<\/p><p>Tu ingreso al Sitio Web de Sky Re Intermediario de Reaseguro S.A.P.I. de C.V.\u00a0 puede ser restringido ocasionalmente con fines de calidad, reparaciones, mantenimiento o por la introducci\u00f3n de nuevos sistemas o servicios.\u00a0Haremos lo posible para restaurar el servicio tan pronto como nos sea razonablemente posible.<\/p>\t\t\t\t\t\t<\/div>\n\t\t\t\t<\/div>\n\t\t\t\t<div class=\"elementor-element elementor-element-cb56dcf elementor-widget elementor-widget-heading\" data-id=\"cb56dcf\" data-element_type=\"widget\" data-widget_type=\"heading.default\">\n\t\t\t\t<div class=\"elementor-widget-container\">\n\t\t\t<h2 class=\"elementor-heading-title elementor-size-default\">Propiedad Intelectual<\/h2>\t\t<\/div>\n\t\t\t\t<\/div>\n\t\t\t\t<div class=\"elementor-element elementor-element-4e10f82 elementor-widget elementor-widget-text-editor\" data-id=\"4e10f82\" data-element_type=\"widget\" data-widget_type=\"text-editor.default\">\n\t\t\t\t<div class=\"elementor-widget-container\">\n\t\t\t\t\t\t\t<p>Toda la informaci\u00f3n incorporada en el Sitio Web de Sky Re Intermediario de Reaseguro S.A.P.I. de C.V.\u00a0 es de propiedad o tiene licencia por parte de Sky Re Intermediario de Reaseguro S.A.P.I. de C.V.. Puedes recuperar y mostrar el contenido del Sitio Web Sky Re Intermediario de Reaseguro S.A.P.I. de C.V. en la pantalla de una computadora, almacenar dicho contenido en formato electr\u00f3nico en el disco duro (pero no de cualquier servidor u otro dispositivo de almacenamiento conectado a una red) o imprimir una copia de dicho contenido para uso personal, no comercial, siempre que mantenga intactos todos y cualquier derecho de autor y avisos de propiedad intelectual.\u00a0No puedes reproducir, modificar, copiar, distribuir o utilizar con fines comerciales cualesquiera de los materiales o contenidos del Sitio Web de Sky Re Intermediario de Reaseguro S.A.P.I. de C.V. sin autorizaci\u00f3n de Sky Re Intermediario de Reaseguro S.A.P.I. de C.V. por escrito previo a cualquier acto que pretenda realizarse utilizando los materiales, contenido o informaci\u00f3n propiedad de Sky Re Intermediario de Reaseguro S.A.P.I. de C.V., previamente mencionados.<\/p><p>\u00a0<\/p><p>Contamos con la facultad para revelar informaci\u00f3n a las autoridades reguladoras o de cumplimiento de la ley, relacionada con el Usuario, si as\u00ed lo requiere la autoridad competente.\u00a0Podemos mantener Tus datos o informaci\u00f3n recopilados, de forma an\u00f3nima, para los efectos que por la regulaci\u00f3n aplicable en la materia nos fuere obligatorio.\u00a0Tambi\u00e9n nos reservamos el derecho de divulgaci\u00f3n de la informaci\u00f3n que hemos recopilado sobre t\u00ed a nuestros asesores profesionales y otras personas en la medida en que Sky Re Intermediario de Reaseguro S.A.P.I. de C.V. subcontrata cualquier aspecto del funcionamiento de sus servicios no relacionados directamente con su objeto social preponderante.\u00a0Estos terceros estar\u00e1n actuando en virtud de compromisos similares de confidencialidad como Sky Re Intermediario de Reaseguro S.A.P.I. de C.V..<\/p>\t\t\t\t\t\t<\/div>\n\t\t\t\t<\/div>\n\t\t\t\t<div class=\"elementor-element elementor-element-70f237c elementor-widget elementor-widget-heading\" data-id=\"70f237c\" data-element_type=\"widget\" data-widget_type=\"heading.default\">\n\t\t\t\t<div class=\"elementor-widget-container\">\n\t\t\t<h2 class=\"elementor-heading-title elementor-size-default\">Ley Aplicable<\/h2>\t\t<\/div>\n\t\t\t\t<\/div>\n\t\t\t\t<div class=\"elementor-element elementor-element-d02a8c3 elementor-widget elementor-widget-text-editor\" data-id=\"d02a8c3\" data-element_type=\"widget\" data-widget_type=\"text-editor.default\">\n\t\t\t\t<div class=\"elementor-widget-container\">\n\t\t\t\t\t\t\t<p>Estos T\u00e9rminos y Condiciones estar\u00e1n sujetos a las leyes de los Estados Unidos Mexicanos.\u00a0Trataremos de resolver cualquier desacuerdo r\u00e1pida y eficientemente.\u00a0Si no estuvieras conforme con la manera en que tratamos cualquier desacuerdo y quisieras interponer acciones legales, deber\u00e1s hacerlo en la Ciudad de M\u00e9xico.<\/p>\t\t\t\t\t\t<\/div>\n\t\t\t\t<\/div>\n\t\t\t\t<div class=\"elementor-element elementor-element-0f34b94 elementor-widget elementor-widget-heading\" data-id=\"0f34b94\" data-element_type=\"widget\" data-widget_type=\"heading.default\">\n\t\t\t\t<div class=\"elementor-widget-container\">\n\t\t\t<h2 class=\"elementor-heading-title elementor-size-default\">Miscel\u00e1neos<\/h2>\t\t<\/div>\n\t\t\t\t<\/div>\n\t\t\t\t<div class=\"elementor-element elementor-element-6ce321d elementor-widget elementor-widget-text-editor\" data-id=\"6ce321d\" data-element_type=\"widget\" data-widget_type=\"text-editor.default\">\n\t\t\t\t<div class=\"elementor-widget-container\">\n\t\t\t\t\t\t\t<p>No puedes transferir cualquiera de tus derechos bajo estos T\u00e9rminos y Condiciones a otra persona.\u00a0Podemos transferir nuestros derechos bajo estos T\u00e9rminos y Condiciones a otro negocio en el que tengamos razones para considerar que tus derechos no se ver\u00e1n afectados.<\/p><p>Si no cumples con estos T\u00e9rminos y Condiciones, Sky Re Intermediario de Reaseguro S.A.P.I. de C.V. opta por ignorar el hecho, Sky Re Intermediario de Reaseguro S.A.P.I. de C.V. a\u00fan tendr\u00e1 derecho a utilizar sus derechos y obligaciones en una fecha posterior o en cualquier otra situaci\u00f3n en la que incumplas con los T\u00e9rminos y Condiciones.<\/p><p>Sky Re Intermediario de Reaseguro S.A.P.I. de C.V. no ser\u00e1 responsable por cualquier incumplimiento de estos T\u00e9rminos y Condiciones, causado por circunstancias fuera de su razonable control.<\/p><p>Si tienes alguna duda, escribe un correo electr\u00f3nico a <a href=\"mailto:contacto@skyre.mx\">contacto@skyre.mx<\/a><\/p>\t\t\t\t\t\t<\/div>\n\t\t\t\t<\/div>\n\t\t\t\t\t<\/div>\n\t\t<\/div>\n\t\t\t\t\t<\/div>\n\t\t<\/section>\n\t\t\t\t<\/div>\n\t\t","protected":false},"excerpt":{"rendered":"<p>Estos T\u00e9rminos y Condiciones regulan el uso por parte del usuario del sitio web de Sky Re Intermediario de Reaseguro S.A.P.I. de C.V. (\u201cUsuario\u201d o \u201cT\u00fa\u201d) en https:\/\/skyre.mx\/ (\u00abSitio Web de Sky Re Intermediario de Reaseguro S.A.P.I. de C.V.\u00bb). Por favor, rev\u00edsalas cuidadosamente ya que impactan tus derechos y responsabilidades bajo la ley. \u00a0Si no &hellip;<\/p>\n<p class=\"read-more\"> <a class=\"\" href=\"https:\/\/skyre.mx\/index.php\/terminos-y-condiciones\/\"> <span class=\"screen-reader-text\">T\u00e9rminos y condiciones<\/span> Leer m\u00e1s &raquo;<\/a><\/p>\n","protected":false},"author":1,"featured_media":0,"parent":0,"menu_order":0,"comment_status":"closed","ping_status":"open","template":"","meta":{"site-sidebar-layout":"default","site-content-layout":"default","ast-global-header-display":"","ast-main-header-display":"","ast-hfb-above-header-display":"","ast-hfb-below-header-display":"","ast-hfb-mobile-header-display":"","site-post-title":"","ast-breadcrumbs-content":"","ast-featured-img":"","footer-sml-layout":"","theme-transparent-header-meta":"","adv-header-id-meta":"","stick-header-meta":"","header-above-stick-meta":"","header-main-stick-meta":"","header-below-stick-meta":"","_themeisle_gutenberg_block_has_review":false,"footnotes":""},"class_list":["post-1563","page","type-page","status-publish","hentry"],"_links":{"self":[{"href":"https:\/\/skyre.mx\/index.php\/wp-json\/wp\/v2\/pages\/1563","targetHints":{"allow":["GET"]}}],"collection":[{"href":"https:\/\/skyre.mx\/index.php\/wp-json\/wp\/v2\/pages"}],"about":[{"href":"https:\/\/skyre.mx\/index.php\/wp-json\/wp\/v2\/types\/page"}],"author":[{"embeddable":true,"href":"https:\/\/skyre.mx\/index.php\/wp-json\/wp\/v2\/users\/1"}],"replies":[{"embeddable":true,"href":"https:\/\/skyre.mx\/index.php\/wp-json\/wp\/v2\/comments?post=1563"}],"version-history":[{"count":14,"href":"https:\/\/skyre.mx\/index.php\/wp-json\/wp\/v2\/pages\/1563\/revisions"}],"predecessor-version":[{"id":1764,"href":"https:\/\/skyre.mx\/index.php\/wp-json\/wp\/v2\/pages\/1563\/revisions\/1764"}],"wp:attachment":[{"href":"https:\/\/skyre.mx\/index.php\/wp-json\/wp\/v2\/media?parent=1563"}],"curies":[{"name":"wp","href":"https:\/\/api.w.org\/{rel}","templated":true}]}}